{"id":1167,"date":"2013-01-13T10:00:45","date_gmt":"2013-01-13T10:00:45","guid":{"rendered":"https:\/\/www.gamberetta.it\/?page_id=1167"},"modified":"2020-01-02T17:36:30","modified_gmt":"2020-01-02T16:36:30","slug":"di-bianco-e-dazzurro","status":"publish","type":"page","link":"https:\/\/www.gamberetta.it\/it\/reportag\/italia-europa\/di-bianco-e-dazzurro\/","title":{"rendered":"Di bianco e d&#8217;azzurro"},"content":{"rendered":"<p>Di bianco e d&#8217;azzurro &#8211; Tutti i colori delle Isole Cicladi dal viaggio omonimo con Avventure nel Mondo. Luglio 2006<br \/>\nQuesto viaggio di due settimane permette di visitare 4 \u2013 5 isole greche con calma, noi ne abbiamo visitate 6 (correndo) muovendoci con traghetti e mezzi locali. Il mare e la natura la fanno da padrone ma in Grecia vi sono anche tanti famosi tesori artistici e culturali da vedere. La nostra partenza avviene subito dopo la vittoria italiana ai mondiali di calcio cos\u00ec, senza accorgerci, avremo per tutta la vacanza una colonna sonora speciale composta dall\u2019inno di Mameli, insulti alla mamma di Zidane e canzoni da osteria, per la rumorosa presenza di tanti italiani in giro per la Grecia.<br \/>\nPREMESSA \u2013 A causa della tarda assegnazione del viaggio con soli 4 gg di preavviso ed in alta stagione, essendo inoltre il mio un gruppo parallelo, ho dovuto pianificare rapidamente l\u2019itinerario e gli spostamenti, contattando gli alloggi con qualche difficolt\u00e0 (i responsabili sono spesso in giro e a volte non rispondono n\u00e9 alle email n\u00e9 al cellulare). La prima settimana si \u00e8 svolta nelle isole pi\u00f9 tranquille e la seconda a Mykonos e Santorini, le isole pi\u00f9 vitali; la prossima volta probabilmente far\u00f2 il contrario per godere lo splendido mare greco in pieno relax a fine vacanza.<br \/>\nPOSTUMI \u2013 Preparare questo racconto anni dopo per la pubblicazione per me \u00e8 fonte di gioia: ho avuto un gruppo stupendo e ho mantenuto i rapporti con una parte dei \u201cmiei ragazzi\u201d, ma soprattutto il viaggio ha avuto un esito felice, con la formazione di una coppia, anzi di una famiglia bella e felice.<\/p>\n<p><a href=\"https:\/\/www.gamberetta.it\/2013\/01\/13\/di-bianco-e-dazzurro\/\">Sabato 15 e domenica 16 07 Partenza dall&#8217;Italia e visita di Atene<\/a><\/p>\n<p><a href=\"https:\/\/www.gamberetta.it\/2013\/01\/13\/17-07-paros\/\">Luned\u00ec 17 07 Paros<\/a><\/p>\n<p><a href=\"https:\/\/www.gamberetta.it\/2013\/01\/13\/martedi-18-07-amorgos\/\">Marted\u00ec 18 07 Amorgos<\/a><\/p>\n<p><a href=\"https:\/\/www.gamberetta.it\/2013\/01\/13\/mercoledi-19-e-giovedi-20-07-koufonissi\/\">Mercoled\u00ec 19 e gioved\u00ec 20 07 Koufonissi<\/a><\/p>\n<p><a href=\"https:\/\/www.gamberetta.it\/2013\/01\/13\/venerdi-21-07-naxos\/\">Venerd\u00ec 21 07 Naxos<\/a><\/p>\n<p><a href=\"https:\/\/www.gamberetta.it\/2013\/01\/13\/sabato-22-e-domenica-23-07-folegandros\/\">Sabato 22 e domenica 23 07 Folegandros<\/a><\/p>\n<p><a href=\"https:\/\/www.gamberetta.it\/2013\/01\/13\/da-lunedi-24-a-giovedi-27-07-santorini\/\">Da luned\u00ec 24 a gioved\u00ec 27 07 Santorini<\/a><\/p>\n<p><a href=\"https:\/\/www.gamberetta.it\/2013\/01\/13\/venerdi-28-e-sabato-29-07-mykonos\/\">Venerd\u00ec 28 e sabato 29 07 Mykonos<\/a><\/p>\n<p><a href=\"https:\/\/www.gamberetta.it\/2013\/01\/13\/domenica-30-07-rientro-in-italia\/\">Domenica 30 07 Rientro in Italia<\/a><\/p>\n","protected":false},"excerpt":{"rendered":"<p>Di bianco e d&#8217;azzurro &#8211; Tutti i colori delle Isole Cicladi dal viaggio omonimo con Avventure nel Mondo. Luglio 2006 Questo viaggio di due settimane permette di visitare 4 \u2013 5 isole greche con calma, noi ne abbiamo visitate 6 (correndo) muovendoci con traghetti e mezzi locali. Il mare e la natura la fanno da &hellip; <a class=\"more-link\" href=\"https:\/\/www.gamberetta.it\/it\/reportag\/italia-europa\/di-bianco-e-dazzurro\/\">Leggi tutto<i class=\"ion-ios-arrow-thin-right\"><\/i><\/a><\/p>\n","protected":false},"author":2,"featured_media":15973,"parent":661,"menu_order":1,"comment_status":"open","ping_status":"closed","template":"","meta":{"footnotes":""},"class_list":["post-1167","page","type-page","status-publish","has-post-thumbnail","hentry"],"yoast_head":"<!-- This site is optimized with the Yoast SEO plugin v23.5 - https:\/\/yoast.com\/wordpress\/plugins\/seo\/ -->\n<title>Di bianco e d&#039;azzurro - Gamberetta<\/title>\n<meta name=\"robots\" content=\"index, follow, max-snippet:-1, max-image-preview:large, max-video-preview:-1\" \/>\n<link rel=\"canonical\" href=\"https:\/\/www.gamberetta.it\/it\/reportag\/italia-europa\/di-bianco-e-dazzurro\/\" \/>\n<meta property=\"og:locale\" content=\"it_IT\" \/>\n<meta property=\"og:type\" content=\"article\" \/>\n<meta property=\"og:title\" content=\"Di bianco e d&#039;azzurro - Gamberetta\" \/>\n<meta property=\"og:description\" content=\"Di bianco e d&#8217;azzurro &#8211; Tutti i colori delle Isole Cicladi dal viaggio omonimo con Avventure nel Mondo. Luglio 2006 Questo viaggio di due settimane permette di visitare 4 \u2013 5 isole greche con calma, noi ne abbiamo visitate 6 (correndo) muovendoci con traghetti e mezzi locali. Il mare e la natura la fanno da &hellip; Leggi tutto\" \/>\n<meta property=\"og:url\" content=\"https:\/\/www.gamberetta.it\/it\/reportag\/italia-europa\/di-bianco-e-dazzurro\/\" \/>\n<meta property=\"og:site_name\" content=\"Gamberetta\" \/>\n<meta property=\"article:publisher\" content=\"https:\/\/www.facebook.com\/Gamberettatravelblog\" \/>\n<meta property=\"article:modified_time\" content=\"2020-01-02T16:36:30+00:00\" \/>\n<meta name=\"twitter:card\" content=\"summary_large_image\" \/>\n<meta name=\"twitter:site\" content=\"@robertazennaro\" \/>\n<meta name=\"twitter:label1\" content=\"Tempo di lettura stimato\" \/>\n\t<meta name=\"twitter:data1\" content=\"1 minuto\" \/>\n<script type=\"application\/ld+json\" class=\"yoast-schema-graph\">{\"@context\":\"https:\/\/schema.org\",\"@graph\":[{\"@type\":\"WebPage\",\"@id\":\"https:\/\/www.gamberetta.it\/it\/reportag\/italia-europa\/di-bianco-e-dazzurro\/\",\"url\":\"https:\/\/www.gamberetta.it\/it\/reportag\/italia-europa\/di-bianco-e-dazzurro\/\",\"name\":\"Di bianco e d'azzurro - Gamberetta\",\"isPartOf\":{\"@id\":\"https:\/\/www.gamberetta.it\/it\/#website\"},\"primaryImageOfPage\":{\"@id\":\"https:\/\/www.gamberetta.it\/it\/reportag\/italia-europa\/di-bianco-e-dazzurro\/#primaryimage\"},\"image\":{\"@id\":\"https:\/\/www.gamberetta.it\/it\/reportag\/italia-europa\/di-bianco-e-dazzurro\/#primaryimage\"},\"thumbnailUrl\":\"\",\"datePublished\":\"2013-01-13T10:00:45+00:00\",\"dateModified\":\"2020-01-02T16:36:30+00:00\",\"breadcrumb\":{\"@id\":\"https:\/\/www.gamberetta.it\/it\/reportag\/italia-europa\/di-bianco-e-dazzurro\/#breadcrumb\"},\"inLanguage\":\"it-IT\",\"potentialAction\":[{\"@type\":\"ReadAction\",\"target\":[\"https:\/\/www.gamberetta.it\/it\/reportag\/italia-europa\/di-bianco-e-dazzurro\/\"]}]},{\"@type\":\"ImageObject\",\"inLanguage\":\"it-IT\",\"@id\":\"https:\/\/www.gamberetta.it\/it\/reportag\/italia-europa\/di-bianco-e-dazzurro\/#primaryimage\",\"url\":\"\",\"contentUrl\":\"\"},{\"@type\":\"BreadcrumbList\",\"@id\":\"https:\/\/www.gamberetta.it\/it\/reportag\/italia-europa\/di-bianco-e-dazzurro\/#breadcrumb\",\"itemListElement\":[{\"@type\":\"ListItem\",\"position\":1,\"name\":\"Home\",\"item\":\"https:\/\/www.gamberetta.it\/it\/\"},{\"@type\":\"ListItem\",\"position\":2,\"name\":\"Diari di viaggio\",\"item\":\"https:\/\/www.gamberetta.it\/it\/reportag\/\"},{\"@type\":\"ListItem\",\"position\":3,\"name\":\"Italia &#8211; Europa\",\"item\":\"https:\/\/www.gamberetta.it\/it\/reportag\/italia-europa\/\"},{\"@type\":\"ListItem\",\"position\":4,\"name\":\"Di bianco e d&#8217;azzurro\"}]},{\"@type\":\"WebSite\",\"@id\":\"https:\/\/www.gamberetta.it\/it\/#website\",\"url\":\"https:\/\/www.gamberetta.it\/it\/\",\"name\":\"Gamberetta\",\"description\":\"Il mio blog senza fronzoli: pensieri e parole, sempre e ovunque in viaggio\",\"potentialAction\":[{\"@type\":\"SearchAction\",\"target\":{\"@type\":\"EntryPoint\",\"urlTemplate\":\"https:\/\/www.gamberetta.it\/it\/?s={search_term_string}\"},\"query-input\":{\"@type\":\"PropertyValueSpecification\",\"valueRequired\":true,\"valueName\":\"search_term_string\"}}],\"inLanguage\":\"it-IT\"}]}<\/script>\n<!-- \/ Yoast SEO plugin. -->","yoast_head_json":{"title":"Di bianco e d'azzurro - Gamberetta","robots":{"index":"index","follow":"follow","max-snippet":"max-snippet:-1","max-image-preview":"max-image-preview:large","max-video-preview":"max-video-preview:-1"},"canonical":"https:\/\/www.gamberetta.it\/it\/reportag\/italia-europa\/di-bianco-e-dazzurro\/","og_locale":"it_IT","og_type":"article","og_title":"Di bianco e d'azzurro - Gamberetta","og_description":"Di bianco e d&#8217;azzurro &#8211; Tutti i colori delle Isole Cicladi dal viaggio omonimo con Avventure nel Mondo. Luglio 2006 Questo viaggio di due settimane permette di visitare 4 \u2013 5 isole greche con calma, noi ne abbiamo visitate 6 (correndo) muovendoci con traghetti e mezzi locali. Il mare e la natura la fanno da &hellip; Leggi tutto","og_url":"https:\/\/www.gamberetta.it\/it\/reportag\/italia-europa\/di-bianco-e-dazzurro\/","og_site_name":"Gamberetta","article_publisher":"https:\/\/www.facebook.com\/Gamberettatravelblog","article_modified_time":"2020-01-02T16:36:30+00:00","twitter_card":"summary_large_image","twitter_site":"@robertazennaro","twitter_misc":{"Tempo di lettura stimato":"1 minuto"},"schema":{"@context":"https:\/\/schema.org","@graph":[{"@type":"WebPage","@id":"https:\/\/www.gamberetta.it\/it\/reportag\/italia-europa\/di-bianco-e-dazzurro\/","url":"https:\/\/www.gamberetta.it\/it\/reportag\/italia-europa\/di-bianco-e-dazzurro\/","name":"Di bianco e d'azzurro - Gamberetta","isPartOf":{"@id":"https:\/\/www.gamberetta.it\/it\/#website"},"primaryImageOfPage":{"@id":"https:\/\/www.gamberetta.it\/it\/reportag\/italia-europa\/di-bianco-e-dazzurro\/#primaryimage"},"image":{"@id":"https:\/\/www.gamberetta.it\/it\/reportag\/italia-europa\/di-bianco-e-dazzurro\/#primaryimage"},"thumbnailUrl":"","datePublished":"2013-01-13T10:00:45+00:00","dateModified":"2020-01-02T16:36:30+00:00","breadcrumb":{"@id":"https:\/\/www.gamberetta.it\/it\/reportag\/italia-europa\/di-bianco-e-dazzurro\/#breadcrumb"},"inLanguage":"it-IT","potentialAction":[{"@type":"ReadAction","target":["https:\/\/www.gamberetta.it\/it\/reportag\/italia-europa\/di-bianco-e-dazzurro\/"]}]},{"@type":"ImageObject","inLanguage":"it-IT","@id":"https:\/\/www.gamberetta.it\/it\/reportag\/italia-europa\/di-bianco-e-dazzurro\/#primaryimage","url":"","contentUrl":""},{"@type":"BreadcrumbList","@id":"https:\/\/www.gamberetta.it\/it\/reportag\/italia-europa\/di-bianco-e-dazzurro\/#breadcrumb","itemListElement":[{"@type":"ListItem","position":1,"name":"Home","item":"https:\/\/www.gamberetta.it\/it\/"},{"@type":"ListItem","position":2,"name":"Diari di viaggio","item":"https:\/\/www.gamberetta.it\/it\/reportag\/"},{"@type":"ListItem","position":3,"name":"Italia &#8211; Europa","item":"https:\/\/www.gamberetta.it\/it\/reportag\/italia-europa\/"},{"@type":"ListItem","position":4,"name":"Di bianco e d&#8217;azzurro"}]},{"@type":"WebSite","@id":"https:\/\/www.gamberetta.it\/it\/#website","url":"https:\/\/www.gamberetta.it\/it\/","name":"Gamberetta","description":"Il mio blog senza fronzoli: pensieri e parole, sempre e ovunque in viaggio","potentialAction":[{"@type":"SearchAction","target":{"@type":"EntryPoint","urlTemplate":"https:\/\/www.gamberetta.it\/it\/?s={search_term_string}"},"query-input":{"@type":"PropertyValueSpecification","valueRequired":true,"valueName":"search_term_string"}}],"inLanguage":"it-IT"}]}},"_links":{"self":[{"href":"https:\/\/www.gamberetta.it\/it\/wp-json\/wp\/v2\/pages\/1167"}],"collection":[{"href":"https:\/\/www.gamberetta.it\/it\/wp-json\/wp\/v2\/pages"}],"about":[{"href":"https:\/\/www.gamberetta.it\/it\/wp-json\/wp\/v2\/types\/page"}],"author":[{"embeddable":true,"href":"https:\/\/www.gamberetta.it\/it\/wp-json\/wp\/v2\/users\/2"}],"replies":[{"embeddable":true,"href":"https:\/\/www.gamberetta.it\/it\/wp-json\/wp\/v2\/comments?post=1167"}],"version-history":[{"count":1,"href":"https:\/\/www.gamberetta.it\/it\/wp-json\/wp\/v2\/pages\/1167\/revisions"}],"predecessor-version":[{"id":15974,"href":"https:\/\/www.gamberetta.it\/it\/wp-json\/wp\/v2\/pages\/1167\/revisions\/15974"}],"up":[{"embeddable":true,"href":"https:\/\/www.gamberetta.it\/it\/wp-json\/wp\/v2\/pages\/661"}],"wp:featuredmedia":[{"embeddable":true,"href":"https:\/\/www.gamberetta.it\/it\/wp-json\/wp\/v2\/media\/15973"}],"wp:attachment":[{"href":"https:\/\/www.gamberetta.it\/it\/wp-json\/wp\/v2\/media?parent=1167"}],"curies":[{"name":"wp","href":"https:\/\/api.w.org\/{rel}","templated":true}]}}