{"id":1394,"date":"2013-06-10T19:05:32","date_gmt":"2013-06-10T19:05:32","guid":{"rendered":"https:\/\/www.gamberetta.it\/?page_id=1394"},"modified":"2019-12-31T17:49:04","modified_gmt":"2019-12-31T16:49:04","slug":"gargano-mare-tour-giugno-2013","status":"publish","type":"page","link":"https:\/\/www.gamberetta.it\/it\/in-tour-blog-educ-press\/gargano-mare-tour-giugno-2013\/","title":{"rendered":"Gargano Mare Tour, Giugno 2013"},"content":{"rendered":"<p>Un gradito ritorno, il mio, dopo ben 30 anni nel bellissimo Gargano con sei meravigliosi \u201csoci social\u201d, ne conosco gi\u00e0 tre ma \u00e8 ancora pi\u00f9 piacevole rivedersi e passare il tempo insieme da veri amici.<\/p>\n<p><a href=\"https:\/\/www.gamberetta.it\/2013\/06\/11\/benvenuti-a-rodi-garganico\/\">Tempo di bloggare: Gargano arrivo!<\/a><\/p>\n<p><a href=\"https:\/\/www.gamberetta.it\/2013\/06\/11\/benvenuti-a-rodi-garganico\/\">Benvenuti a Rodi Garganico<\/a><\/p>\n<p><a href=\"https:\/\/www.gamberetta.it\/2013\/06\/11\/botteghe-e-vetrine-del-gargano\/\">Botteghe e vetrine del gargano<\/a><\/p>\n<p><a href=\"https:\/\/www.gamberetta.it\/2013\/07\/12\/mille-fiori-di-mille-colori-e-profumi\/\">Mille fiori di mille colori (e profumi)<\/a><\/p>\n<p><a href=\"https:\/\/www.gamberetta.it\/2013\/11\/11\/le-invasioni-garganiche\/\">Le invasioni garganiche<\/a><\/p>\n<p><a href=\"https:\/\/www.gamberetta.it\/\/2015\/04\/18\/la-costa-delle-grotte-da-vieste-a-pugnochiuso\/\">La costa delle grotte da Vieste a Pugnochiuso<\/a><\/p>\n<p><a href=\"https:\/\/www.gamberetta.it\/2014\/02\/11\/lucera-tutta-mia\/\">Lucera tutta mia<\/a><\/p>\n","protected":false},"excerpt":{"rendered":"<p>Un gradito ritorno, il mio, dopo ben 30 anni nel bellissimo Gargano con sei meravigliosi \u201csoci social\u201d, ne conosco gi\u00e0 tre ma \u00e8 ancora pi\u00f9 piacevole rivedersi e passare il tempo insieme da veri amici. Tempo di bloggare: Gargano arrivo! Benvenuti a Rodi Garganico Botteghe e vetrine del gargano Mille fiori di mille colori (e &hellip; <a class=\"more-link\" href=\"https:\/\/www.gamberetta.it\/it\/in-tour-blog-educ-press\/gargano-mare-tour-giugno-2013\/\">Leggi tutto<i class=\"ion-ios-arrow-thin-right\"><\/i><\/a><\/p>\n","protected":false},"author":2,"featured_media":2525,"parent":3400,"menu_order":6,"comment_status":"open","ping_status":"closed","template":"","meta":{"footnotes":""},"class_list":["post-1394","page","type-page","status-publish","has-post-thumbnail","hentry"],"yoast_head":"<!-- This site is optimized with the Yoast SEO plugin v23.5 - https:\/\/yoast.com\/wordpress\/plugins\/seo\/ -->\n<title>Gargano Mare Tour, Giugno 2013 - Gamberetta<\/title>\n<meta name=\"robots\" content=\"index, follow, max-snippet:-1, max-image-preview:large, max-video-preview:-1\" \/>\n<link rel=\"canonical\" href=\"https:\/\/www.gamberetta.it\/it\/in-tour-blog-educ-press\/gargano-mare-tour-giugno-2013\/\" \/>\n<meta property=\"og:locale\" content=\"it_IT\" \/>\n<meta property=\"og:type\" content=\"article\" \/>\n<meta property=\"og:title\" content=\"Gargano Mare Tour, Giugno 2013 - Gamberetta\" \/>\n<meta property=\"og:description\" content=\"Un gradito ritorno, il mio, dopo ben 30 anni nel bellissimo Gargano con sei meravigliosi \u201csoci social\u201d, ne conosco gi\u00e0 tre ma \u00e8 ancora pi\u00f9 piacevole rivedersi e passare il tempo insieme da veri amici. Tempo di bloggare: Gargano arrivo! Benvenuti a Rodi Garganico Botteghe e vetrine del gargano Mille fiori di mille colori (e &hellip; Leggi tutto\" \/>\n<meta property=\"og:url\" content=\"https:\/\/www.gamberetta.it\/it\/in-tour-blog-educ-press\/gargano-mare-tour-giugno-2013\/\" \/>\n<meta property=\"og:site_name\" content=\"Gamberetta\" \/>\n<meta property=\"article:publisher\" content=\"https:\/\/www.facebook.com\/Gamberettatravelblog\" \/>\n<meta property=\"article:modified_time\" content=\"2019-12-31T16:49:04+00:00\" \/>\n<meta property=\"og:image\" content=\"https:\/\/www.gamberetta.it\/wp-content\/uploads\/2014\/02\/img_5110.jpg\" \/>\n\t<meta property=\"og:image:width\" content=\"448\" \/>\n\t<meta property=\"og:image:height\" content=\"336\" \/>\n\t<meta property=\"og:image:type\" content=\"image\/jpeg\" \/>\n<meta name=\"twitter:card\" content=\"summary_large_image\" \/>\n<meta name=\"twitter:site\" content=\"@robertazennaro\" \/>\n<script type=\"application\/ld+json\" class=\"yoast-schema-graph\">{\"@context\":\"https:\/\/schema.org\",\"@graph\":[{\"@type\":\"WebPage\",\"@id\":\"https:\/\/www.gamberetta.it\/it\/in-tour-blog-educ-press\/gargano-mare-tour-giugno-2013\/\",\"url\":\"https:\/\/www.gamberetta.it\/it\/in-tour-blog-educ-press\/gargano-mare-tour-giugno-2013\/\",\"name\":\"Gargano Mare Tour, Giugno 2013 - Gamberetta\",\"isPartOf\":{\"@id\":\"https:\/\/www.gamberetta.it\/it\/#website\"},\"primaryImageOfPage\":{\"@id\":\"https:\/\/www.gamberetta.it\/it\/in-tour-blog-educ-press\/gargano-mare-tour-giugno-2013\/#primaryimage\"},\"image\":{\"@id\":\"https:\/\/www.gamberetta.it\/it\/in-tour-blog-educ-press\/gargano-mare-tour-giugno-2013\/#primaryimage\"},\"thumbnailUrl\":\"https:\/\/www.gamberetta.it\/wp-content\/uploads\/2014\/02\/img_5110.jpg\",\"datePublished\":\"2013-06-10T19:05:32+00:00\",\"dateModified\":\"2019-12-31T16:49:04+00:00\",\"breadcrumb\":{\"@id\":\"https:\/\/www.gamberetta.it\/it\/in-tour-blog-educ-press\/gargano-mare-tour-giugno-2013\/#breadcrumb\"},\"inLanguage\":\"it-IT\",\"potentialAction\":[{\"@type\":\"ReadAction\",\"target\":[\"https:\/\/www.gamberetta.it\/it\/in-tour-blog-educ-press\/gargano-mare-tour-giugno-2013\/\"]}]},{\"@type\":\"ImageObject\",\"inLanguage\":\"it-IT\",\"@id\":\"https:\/\/www.gamberetta.it\/it\/in-tour-blog-educ-press\/gargano-mare-tour-giugno-2013\/#primaryimage\",\"url\":\"https:\/\/www.gamberetta.it\/wp-content\/uploads\/2014\/02\/img_5110.jpg\",\"contentUrl\":\"https:\/\/www.gamberetta.it\/wp-content\/uploads\/2014\/02\/img_5110.jpg\",\"width\":448,\"height\":336},{\"@type\":\"BreadcrumbList\",\"@id\":\"https:\/\/www.gamberetta.it\/it\/in-tour-blog-educ-press\/gargano-mare-tour-giugno-2013\/#breadcrumb\",\"itemListElement\":[{\"@type\":\"ListItem\",\"position\":1,\"name\":\"Home\",\"item\":\"https:\/\/www.gamberetta.it\/it\/\"},{\"@type\":\"ListItem\",\"position\":2,\"name\":\"In tour: Blog, Educ, Press\",\"item\":\"https:\/\/www.gamberetta.it\/it\/in-tour-blog-educ-press\/\"},{\"@type\":\"ListItem\",\"position\":3,\"name\":\"Gargano Mare Tour, Giugno 2013\"}]},{\"@type\":\"WebSite\",\"@id\":\"https:\/\/www.gamberetta.it\/it\/#website\",\"url\":\"https:\/\/www.gamberetta.it\/it\/\",\"name\":\"Gamberetta\",\"description\":\"Il mio blog senza fronzoli: pensieri e parole, sempre e ovunque in viaggio\",\"potentialAction\":[{\"@type\":\"SearchAction\",\"target\":{\"@type\":\"EntryPoint\",\"urlTemplate\":\"https:\/\/www.gamberetta.it\/it\/?s={search_term_string}\"},\"query-input\":{\"@type\":\"PropertyValueSpecification\",\"valueRequired\":true,\"valueName\":\"search_term_string\"}}],\"inLanguage\":\"it-IT\"}]}<\/script>\n<!-- \/ Yoast SEO plugin. -->","yoast_head_json":{"title":"Gargano Mare Tour, Giugno 2013 - Gamberetta","robots":{"index":"index","follow":"follow","max-snippet":"max-snippet:-1","max-image-preview":"max-image-preview:large","max-video-preview":"max-video-preview:-1"},"canonical":"https:\/\/www.gamberetta.it\/it\/in-tour-blog-educ-press\/gargano-mare-tour-giugno-2013\/","og_locale":"it_IT","og_type":"article","og_title":"Gargano Mare Tour, Giugno 2013 - Gamberetta","og_description":"Un gradito ritorno, il mio, dopo ben 30 anni nel bellissimo Gargano con sei meravigliosi \u201csoci social\u201d, ne conosco gi\u00e0 tre ma \u00e8 ancora pi\u00f9 piacevole rivedersi e passare il tempo insieme da veri amici. Tempo di bloggare: Gargano arrivo! Benvenuti a Rodi Garganico Botteghe e vetrine del gargano Mille fiori di mille colori (e &hellip; Leggi tutto","og_url":"https:\/\/www.gamberetta.it\/it\/in-tour-blog-educ-press\/gargano-mare-tour-giugno-2013\/","og_site_name":"Gamberetta","article_publisher":"https:\/\/www.facebook.com\/Gamberettatravelblog","article_modified_time":"2019-12-31T16:49:04+00:00","og_image":[{"width":448,"height":336,"url":"https:\/\/www.gamberetta.it\/wp-content\/uploads\/2014\/02\/img_5110.jpg","type":"image\/jpeg"}],"twitter_card":"summary_large_image","twitter_site":"@robertazennaro","schema":{"@context":"https:\/\/schema.org","@graph":[{"@type":"WebPage","@id":"https:\/\/www.gamberetta.it\/it\/in-tour-blog-educ-press\/gargano-mare-tour-giugno-2013\/","url":"https:\/\/www.gamberetta.it\/it\/in-tour-blog-educ-press\/gargano-mare-tour-giugno-2013\/","name":"Gargano Mare Tour, Giugno 2013 - Gamberetta","isPartOf":{"@id":"https:\/\/www.gamberetta.it\/it\/#website"},"primaryImageOfPage":{"@id":"https:\/\/www.gamberetta.it\/it\/in-tour-blog-educ-press\/gargano-mare-tour-giugno-2013\/#primaryimage"},"image":{"@id":"https:\/\/www.gamberetta.it\/it\/in-tour-blog-educ-press\/gargano-mare-tour-giugno-2013\/#primaryimage"},"thumbnailUrl":"https:\/\/www.gamberetta.it\/wp-content\/uploads\/2014\/02\/img_5110.jpg","datePublished":"2013-06-10T19:05:32+00:00","dateModified":"2019-12-31T16:49:04+00:00","breadcrumb":{"@id":"https:\/\/www.gamberetta.it\/it\/in-tour-blog-educ-press\/gargano-mare-tour-giugno-2013\/#breadcrumb"},"inLanguage":"it-IT","potentialAction":[{"@type":"ReadAction","target":["https:\/\/www.gamberetta.it\/it\/in-tour-blog-educ-press\/gargano-mare-tour-giugno-2013\/"]}]},{"@type":"ImageObject","inLanguage":"it-IT","@id":"https:\/\/www.gamberetta.it\/it\/in-tour-blog-educ-press\/gargano-mare-tour-giugno-2013\/#primaryimage","url":"https:\/\/www.gamberetta.it\/wp-content\/uploads\/2014\/02\/img_5110.jpg","contentUrl":"https:\/\/www.gamberetta.it\/wp-content\/uploads\/2014\/02\/img_5110.jpg","width":448,"height":336},{"@type":"BreadcrumbList","@id":"https:\/\/www.gamberetta.it\/it\/in-tour-blog-educ-press\/gargano-mare-tour-giugno-2013\/#breadcrumb","itemListElement":[{"@type":"ListItem","position":1,"name":"Home","item":"https:\/\/www.gamberetta.it\/it\/"},{"@type":"ListItem","position":2,"name":"In tour: Blog, Educ, Press","item":"https:\/\/www.gamberetta.it\/it\/in-tour-blog-educ-press\/"},{"@type":"ListItem","position":3,"name":"Gargano Mare Tour, Giugno 2013"}]},{"@type":"WebSite","@id":"https:\/\/www.gamberetta.it\/it\/#website","url":"https:\/\/www.gamberetta.it\/it\/","name":"Gamberetta","description":"Il mio blog senza fronzoli: pensieri e parole, sempre e ovunque in viaggio","potentialAction":[{"@type":"SearchAction","target":{"@type":"EntryPoint","urlTemplate":"https:\/\/www.gamberetta.it\/it\/?s={search_term_string}"},"query-input":{"@type":"PropertyValueSpecification","valueRequired":true,"valueName":"search_term_string"}}],"inLanguage":"it-IT"}]}},"_links":{"self":[{"href":"https:\/\/www.gamberetta.it\/it\/wp-json\/wp\/v2\/pages\/1394"}],"collection":[{"href":"https:\/\/www.gamberetta.it\/it\/wp-json\/wp\/v2\/pages"}],"about":[{"href":"https:\/\/www.gamberetta.it\/it\/wp-json\/wp\/v2\/types\/page"}],"author":[{"embeddable":true,"href":"https:\/\/www.gamberetta.it\/it\/wp-json\/wp\/v2\/users\/2"}],"replies":[{"embeddable":true,"href":"https:\/\/www.gamberetta.it\/it\/wp-json\/wp\/v2\/comments?post=1394"}],"version-history":[{"count":1,"href":"https:\/\/www.gamberetta.it\/it\/wp-json\/wp\/v2\/pages\/1394\/revisions"}],"predecessor-version":[{"id":15914,"href":"https:\/\/www.gamberetta.it\/it\/wp-json\/wp\/v2\/pages\/1394\/revisions\/15914"}],"up":[{"embeddable":true,"href":"https:\/\/www.gamberetta.it\/it\/wp-json\/wp\/v2\/pages\/3400"}],"wp:featuredmedia":[{"embeddable":true,"href":"https:\/\/www.gamberetta.it\/it\/wp-json\/wp\/v2\/media\/2525"}],"wp:attachment":[{"href":"https:\/\/www.gamberetta.it\/it\/wp-json\/wp\/v2\/media?parent=1394"}],"curies":[{"name":"wp","href":"https:\/\/api.w.org\/{rel}","templated":true}]}}