{"id":1602,"date":"2013-07-11T20:32:58","date_gmt":"2013-07-11T20:32:58","guid":{"rendered":"https:\/\/www.gamberetta.it\/?page_id=1602"},"modified":"2013-07-11T20:32:58","modified_gmt":"2013-07-11T20:32:58","slug":"lost-in-mongolia-come-perdersi-e-ritrovarsi-nel-nulla-che-ammalia","status":"publish","type":"page","link":"https:\/\/www.gamberetta.it\/it\/reportag\/asia\/lost-in-mongolia-come-perdersi-e-ritrovarsi-nel-nulla-che-ammalia\/","title":{"rendered":"LOST IN MONGOLIA \u2013 COME PERDERSI E RITROVARSI NEL NULLA CHE AMMALIA"},"content":{"rendered":"<p><a href=\"https:\/\/www.gamberetta.it\/wp-content\/uploads\/2013\/09\/imm013-3.jpg\"><img loading=\"lazy\" decoding=\"async\" class=\"aligncenter size-full wp-image-1925\" src=\"https:\/\/www.gamberetta.it\/wp-content\/uploads\/2013\/09\/imm013-3.jpg\" alt=\"imm013-3\" width=\"448\" height=\"298\" srcset=\"https:\/\/www.gamberetta.it\/wp-content\/uploads\/2013\/09\/imm013-3.jpg 448w, https:\/\/www.gamberetta.it\/wp-content\/uploads\/2013\/09\/imm013-3-300x200.jpg 300w, https:\/\/www.gamberetta.it\/wp-content\/uploads\/2013\/09\/imm013-3-60x40.jpg 60w\" sizes=\"(max-width: 448px) 100vw, 448px\" \/><\/a><\/p>\n<p>DA UN MONGOLIA SOLO GRUPPO ROBERTA ZENNARO<\/p>\n<p>TESTO DELLA COORDINATRICE ROBERTA ZENNARO, FOTO DEL GRUPPO. Articolo non pubblicato sulla rivista ANM<\/p>\n<p><a href=\"https:\/\/www.gamberetta.it\/2013\/07\/11\/lost-in-mongolia-come-perdersi-e-ritrovarsi-nel-nulla-che-ammalia\/\">Arrivo (movimentato) in Mongolia<\/a><\/p>\n<p><a href=\"https:\/\/www.gamberetta.it\/2013\/07\/19\/lunedi-27-06-khognokhaan-ovgon-mongol-els-erdene-zuu-kharakhorum-anar-camp\/\">Luned\u00ec 27 06 &#8211; da Khognokhaan camp ad Anar camp<\/a><\/p>\n<p><a href=\"https:\/\/www.gamberetta.it\/2013\/08\/03\/martedi-28-06-kharbalgas-tsetserleg-zayin-khuree-taikhar-camp\/\">Marted\u00ec 28 06 &#8211; da Anar camp a Taikhar camp<\/a><\/p>\n<p><a href=\"https:\/\/www.gamberetta.it\/2011\/08\/23\/il-cavallo-e-la-gher\/\">Il cavallo e la gher<\/a><\/p>\n<p><a href=\"https:\/\/www.gamberetta.it\/2013\/08\/30\/mercoledi-29-06-chulut-zum-salaa-mod-badmarag-arkhangai-terkhin-tsagaan-nuur-khuduu-nuur-khorgo-camp\/\">Mercoled\u00ec 29 06 &#8211; da Taikhar camp a Khorgo camp<\/a><\/p>\n<p><a href=\"https:\/\/www.gamberetta.it\/2013\/09\/22\/giovedi-30-06-khorgo-camp-terkhin-tsagaan-nuur-il-grande-lago-bianco\/\">Gioved\u00ec 30 06 &#8211; Khorgo camp &#8211; Terkhin Tsagaan Nuur, il grande lago bianco<\/a><\/p>\n<p><a href=\"https:\/\/www.gamberetta.it\/2013\/09\/23\/venerdi-01-07-khorgo-camp-tsetserleg-tsenkher-camp\/\">Venerd\u00ec 01 07 &#8211; da Khorgo Camp a Tsenkher Camp<\/a><\/p>\n<p><a href=\"https:\/\/www.gamberetta.it\/2012\/01\/23\/glossario-mongolo-non-e-un-insulto\/\">Sabato 02 07 &#8211; da Tsenkher Camp a  Tsagaan Khaikhan Camp<\/a><\/p>\n<p><a href=\"https:\/\/www.gamberetta.it\/2012\/01\/23\/glossario-mongolo-non-e-un-insulto\/\">Glossario mongolo (non \u00e8 un insulto)<\/a><\/p>\n<p><a href=\"https:\/\/www.gamberetta.it\/2013\/11\/11\/domenica-03-07-tsagaan-khaikhan-camp-arvaykheer-bat-ulzii-saikhan-ovoo-camp\/\">Domenica 03 07 &#8211; da Tsagaan Khaikhan Camp a Saikhan Ovoo Camp<\/a><\/p>\n<p><a href=\"https:\/\/www.gamberetta.it\/2014\/01\/15\/lunedi-04-07-da-saikhan-ovoo-camp-a-gobiin-anar-camp\/\">Luned\u00ec 04 07 &#8211; da Saikhan Ovoo Camp a Gobiin Anar Camp<\/a><\/p>\n<p><a href=\"https:\/\/www.gamberetta.it\/2014\/01\/31\/martedi-05-07-da-gobiin-anar-camp-alla-conquista-delle-dune-di-khongorin-els\/\">Marted\u00ec 05 07 &#8211; da Gobiin Anar Camp alla conquista delle dune di Khongoryn Els<\/a><\/p>\n<p><a href=\"https:\/\/www.gamberetta.it\/2014\/02\/06\/mercoledi-06-07-da-gobiin-anar-camp-a-gobi-tour-camp\/\">Mercoled\u00ec 06 07 &#8211; da Gobiin Anar Camp a Gobi Tour Camp<\/a><\/p>\n<p><a href=\"https:\/\/www.gamberetta.it\/2014\/02\/12\/giovedi-07-07-da-gobi-tour-camp-a-middle-gobi-camp\/\">Gioved\u00ec 07 07 &#8211;  da Gobi Tour Camp a Middle Gobi Camp<\/a><\/p>\n<p><a href=\"https:\/\/www.gamberetta.it\/2014\/03\/01\/venerdi-08-07-middle-gobi-camp-ulan-bator-narantuul-shopping\/\">Venerd\u00ec 08 07 &#8211; Ritorno a Ulan Bator<\/a><\/p>\n<p><a href=\"https:\/\/www.gamberetta.it\/2014\/03\/02\/sabato-09-07-ulan-bator-sainshand-ferrovia-transmongolica\/\">Sabato 09 07 &#8211; da Ulan Bator a Sainshand sulla ferrovia Transmongolica<\/a><\/p>\n<p><a href=\"https:\/\/www.gamberetta.it\/2014\/03\/09\/domenica-10-07-sainshand-khamriin-khiid-bayanzurkh-museo-danzan-ravjaa-ferrovia-transmongolica\/\">Domenica 10 07 &#8211; a Sainshand e poi di nuovo sulla Transmongolica<\/a><\/p>\n<p><a href=\"http:\/\/www.girovagate.com\/2014\/07\/nadaam-festival-ulaan-bator-mongolia.html\">Luned\u00ec 11 07 &#8211; a Ulan Bator per il Nadaam Festival e poi il ritorno in Italia<\/a><\/p>\n","protected":false},"excerpt":{"rendered":"<p>DA UN MONGOLIA SOLO GRUPPO ROBERTA ZENNARO TESTO DELLA COORDINATRICE ROBERTA ZENNARO, FOTO DEL GRUPPO. Articolo non pubblicato sulla rivista ANM Arrivo (movimentato) in Mongolia Luned\u00ec 27 06 &#8211; da Khognokhaan camp ad Anar camp Marted\u00ec 28 06 &#8211; da Anar camp a Taikhar camp Il cavallo e la gher Mercoled\u00ec 29 06 &#8211; da &hellip; <a class=\"more-link\" href=\"https:\/\/www.gamberetta.it\/it\/reportag\/asia\/lost-in-mongolia-come-perdersi-e-ritrovarsi-nel-nulla-che-ammalia\/\">Leggi tutto<i class=\"ion-ios-arrow-thin-right\"><\/i><\/a><\/p>\n","protected":false},"author":2,"featured_media":1925,"parent":667,"menu_order":0,"comment_status":"open","ping_status":"closed","template":"onecolumn-page.php","meta":{"footnotes":""},"class_list":["post-1602","page","type-page","status-publish","has-post-thumbnail","hentry"],"yoast_head":"<!-- This site is optimized with the Yoast SEO plugin v23.5 - https:\/\/yoast.com\/wordpress\/plugins\/seo\/ -->\n<title>LOST IN MONGOLIA \u2013 COME PERDERSI E RITROVARSI NEL NULLA CHE AMMALIA - Gamberetta<\/title>\n<meta name=\"robots\" content=\"index, follow, max-snippet:-1, max-image-preview:large, max-video-preview:-1\" \/>\n<link rel=\"canonical\" href=\"https:\/\/www.gamberetta.it\/it\/reportag\/asia\/lost-in-mongolia-come-perdersi-e-ritrovarsi-nel-nulla-che-ammalia\/\" \/>\n<meta property=\"og:locale\" content=\"it_IT\" \/>\n<meta property=\"og:type\" content=\"article\" \/>\n<meta property=\"og:title\" content=\"LOST IN MONGOLIA \u2013 COME PERDERSI E RITROVARSI NEL NULLA CHE AMMALIA - Gamberetta\" \/>\n<meta property=\"og:description\" content=\"DA UN MONGOLIA SOLO GRUPPO ROBERTA ZENNARO TESTO DELLA COORDINATRICE ROBERTA ZENNARO, FOTO DEL GRUPPO. Articolo non pubblicato sulla rivista ANM Arrivo (movimentato) in Mongolia Luned\u00ec 27 06 &#8211; da Khognokhaan camp ad Anar camp Marted\u00ec 28 06 &#8211; da Anar camp a Taikhar camp Il cavallo e la gher Mercoled\u00ec 29 06 &#8211; da &hellip; Leggi tutto\" \/>\n<meta property=\"og:url\" content=\"https:\/\/www.gamberetta.it\/it\/reportag\/asia\/lost-in-mongolia-come-perdersi-e-ritrovarsi-nel-nulla-che-ammalia\/\" \/>\n<meta property=\"og:site_name\" content=\"Gamberetta\" \/>\n<meta property=\"article:publisher\" content=\"https:\/\/www.facebook.com\/Gamberettatravelblog\" \/>\n<meta property=\"og:image\" content=\"https:\/\/www.gamberetta.it\/wp-content\/uploads\/2013\/09\/imm013-3.jpg\" \/>\n\t<meta property=\"og:image:width\" content=\"448\" \/>\n\t<meta property=\"og:image:height\" content=\"298\" \/>\n\t<meta property=\"og:image:type\" content=\"image\/jpeg\" \/>\n<meta name=\"twitter:card\" content=\"summary_large_image\" \/>\n<meta name=\"twitter:site\" content=\"@robertazennaro\" \/>\n<meta name=\"twitter:label1\" content=\"Tempo di lettura stimato\" \/>\n\t<meta name=\"twitter:data1\" content=\"1 minuto\" \/>\n<script type=\"application\/ld+json\" class=\"yoast-schema-graph\">{\"@context\":\"https:\/\/schema.org\",\"@graph\":[{\"@type\":\"WebPage\",\"@id\":\"https:\/\/www.gamberetta.it\/it\/reportag\/asia\/lost-in-mongolia-come-perdersi-e-ritrovarsi-nel-nulla-che-ammalia\/\",\"url\":\"https:\/\/www.gamberetta.it\/it\/reportag\/asia\/lost-in-mongolia-come-perdersi-e-ritrovarsi-nel-nulla-che-ammalia\/\",\"name\":\"LOST IN MONGOLIA \u2013 COME PERDERSI E RITROVARSI NEL NULLA CHE AMMALIA - Gamberetta\",\"isPartOf\":{\"@id\":\"https:\/\/www.gamberetta.it\/it\/#website\"},\"primaryImageOfPage\":{\"@id\":\"https:\/\/www.gamberetta.it\/it\/reportag\/asia\/lost-in-mongolia-come-perdersi-e-ritrovarsi-nel-nulla-che-ammalia\/#primaryimage\"},\"image\":{\"@id\":\"https:\/\/www.gamberetta.it\/it\/reportag\/asia\/lost-in-mongolia-come-perdersi-e-ritrovarsi-nel-nulla-che-ammalia\/#primaryimage\"},\"thumbnailUrl\":\"https:\/\/www.gamberetta.it\/wp-content\/uploads\/2013\/09\/imm013-3.jpg\",\"datePublished\":\"2013-07-11T20:32:58+00:00\",\"dateModified\":\"2013-07-11T20:32:58+00:00\",\"breadcrumb\":{\"@id\":\"https:\/\/www.gamberetta.it\/it\/reportag\/asia\/lost-in-mongolia-come-perdersi-e-ritrovarsi-nel-nulla-che-ammalia\/#breadcrumb\"},\"inLanguage\":\"it-IT\",\"potentialAction\":[{\"@type\":\"ReadAction\",\"target\":[\"https:\/\/www.gamberetta.it\/it\/reportag\/asia\/lost-in-mongolia-come-perdersi-e-ritrovarsi-nel-nulla-che-ammalia\/\"]}]},{\"@type\":\"ImageObject\",\"inLanguage\":\"it-IT\",\"@id\":\"https:\/\/www.gamberetta.it\/it\/reportag\/asia\/lost-in-mongolia-come-perdersi-e-ritrovarsi-nel-nulla-che-ammalia\/#primaryimage\",\"url\":\"https:\/\/www.gamberetta.it\/wp-content\/uploads\/2013\/09\/imm013-3.jpg\",\"contentUrl\":\"https:\/\/www.gamberetta.it\/wp-content\/uploads\/2013\/09\/imm013-3.jpg\",\"width\":448,\"height\":298},{\"@type\":\"BreadcrumbList\",\"@id\":\"https:\/\/www.gamberetta.it\/it\/reportag\/asia\/lost-in-mongolia-come-perdersi-e-ritrovarsi-nel-nulla-che-ammalia\/#breadcrumb\",\"itemListElement\":[{\"@type\":\"ListItem\",\"position\":1,\"name\":\"Home\",\"item\":\"https:\/\/www.gamberetta.it\/it\/\"},{\"@type\":\"ListItem\",\"position\":2,\"name\":\"Diari di viaggio\",\"item\":\"https:\/\/www.gamberetta.it\/it\/reportag\/\"},{\"@type\":\"ListItem\",\"position\":3,\"name\":\"Asia\",\"item\":\"https:\/\/www.gamberetta.it\/it\/reportag\/asia\/\"},{\"@type\":\"ListItem\",\"position\":4,\"name\":\"LOST IN MONGOLIA \u2013 COME PERDERSI E RITROVARSI NEL NULLA CHE AMMALIA\"}]},{\"@type\":\"WebSite\",\"@id\":\"https:\/\/www.gamberetta.it\/it\/#website\",\"url\":\"https:\/\/www.gamberetta.it\/it\/\",\"name\":\"Gamberetta\",\"description\":\"Il mio blog senza fronzoli: pensieri e parole, sempre e ovunque in viaggio\",\"potentialAction\":[{\"@type\":\"SearchAction\",\"target\":{\"@type\":\"EntryPoint\",\"urlTemplate\":\"https:\/\/www.gamberetta.it\/it\/?s={search_term_string}\"},\"query-input\":{\"@type\":\"PropertyValueSpecification\",\"valueRequired\":true,\"valueName\":\"search_term_string\"}}],\"inLanguage\":\"it-IT\"}]}<\/script>\n<!-- \/ Yoast SEO plugin. -->","yoast_head_json":{"title":"LOST IN MONGOLIA \u2013 COME PERDERSI E RITROVARSI NEL NULLA CHE AMMALIA - Gamberetta","robots":{"index":"index","follow":"follow","max-snippet":"max-snippet:-1","max-image-preview":"max-image-preview:large","max-video-preview":"max-video-preview:-1"},"canonical":"https:\/\/www.gamberetta.it\/it\/reportag\/asia\/lost-in-mongolia-come-perdersi-e-ritrovarsi-nel-nulla-che-ammalia\/","og_locale":"it_IT","og_type":"article","og_title":"LOST IN MONGOLIA \u2013 COME PERDERSI E RITROVARSI NEL NULLA CHE AMMALIA - Gamberetta","og_description":"DA UN MONGOLIA SOLO GRUPPO ROBERTA ZENNARO TESTO DELLA COORDINATRICE ROBERTA ZENNARO, FOTO DEL GRUPPO. Articolo non pubblicato sulla rivista ANM Arrivo (movimentato) in Mongolia Luned\u00ec 27 06 &#8211; da Khognokhaan camp ad Anar camp Marted\u00ec 28 06 &#8211; da Anar camp a Taikhar camp Il cavallo e la gher Mercoled\u00ec 29 06 &#8211; da &hellip; Leggi tutto","og_url":"https:\/\/www.gamberetta.it\/it\/reportag\/asia\/lost-in-mongolia-come-perdersi-e-ritrovarsi-nel-nulla-che-ammalia\/","og_site_name":"Gamberetta","article_publisher":"https:\/\/www.facebook.com\/Gamberettatravelblog","og_image":[{"width":448,"height":298,"url":"https:\/\/www.gamberetta.it\/wp-content\/uploads\/2013\/09\/imm013-3.jpg","type":"image\/jpeg"}],"twitter_card":"summary_large_image","twitter_site":"@robertazennaro","twitter_misc":{"Tempo di lettura stimato":"1 minuto"},"schema":{"@context":"https:\/\/schema.org","@graph":[{"@type":"WebPage","@id":"https:\/\/www.gamberetta.it\/it\/reportag\/asia\/lost-in-mongolia-come-perdersi-e-ritrovarsi-nel-nulla-che-ammalia\/","url":"https:\/\/www.gamberetta.it\/it\/reportag\/asia\/lost-in-mongolia-come-perdersi-e-ritrovarsi-nel-nulla-che-ammalia\/","name":"LOST IN MONGOLIA \u2013 COME PERDERSI E RITROVARSI NEL NULLA CHE AMMALIA - Gamberetta","isPartOf":{"@id":"https:\/\/www.gamberetta.it\/it\/#website"},"primaryImageOfPage":{"@id":"https:\/\/www.gamberetta.it\/it\/reportag\/asia\/lost-in-mongolia-come-perdersi-e-ritrovarsi-nel-nulla-che-ammalia\/#primaryimage"},"image":{"@id":"https:\/\/www.gamberetta.it\/it\/reportag\/asia\/lost-in-mongolia-come-perdersi-e-ritrovarsi-nel-nulla-che-ammalia\/#primaryimage"},"thumbnailUrl":"https:\/\/www.gamberetta.it\/wp-content\/uploads\/2013\/09\/imm013-3.jpg","datePublished":"2013-07-11T20:32:58+00:00","dateModified":"2013-07-11T20:32:58+00:00","breadcrumb":{"@id":"https:\/\/www.gamberetta.it\/it\/reportag\/asia\/lost-in-mongolia-come-perdersi-e-ritrovarsi-nel-nulla-che-ammalia\/#breadcrumb"},"inLanguage":"it-IT","potentialAction":[{"@type":"ReadAction","target":["https:\/\/www.gamberetta.it\/it\/reportag\/asia\/lost-in-mongolia-come-perdersi-e-ritrovarsi-nel-nulla-che-ammalia\/"]}]},{"@type":"ImageObject","inLanguage":"it-IT","@id":"https:\/\/www.gamberetta.it\/it\/reportag\/asia\/lost-in-mongolia-come-perdersi-e-ritrovarsi-nel-nulla-che-ammalia\/#primaryimage","url":"https:\/\/www.gamberetta.it\/wp-content\/uploads\/2013\/09\/imm013-3.jpg","contentUrl":"https:\/\/www.gamberetta.it\/wp-content\/uploads\/2013\/09\/imm013-3.jpg","width":448,"height":298},{"@type":"BreadcrumbList","@id":"https:\/\/www.gamberetta.it\/it\/reportag\/asia\/lost-in-mongolia-come-perdersi-e-ritrovarsi-nel-nulla-che-ammalia\/#breadcrumb","itemListElement":[{"@type":"ListItem","position":1,"name":"Home","item":"https:\/\/www.gamberetta.it\/it\/"},{"@type":"ListItem","position":2,"name":"Diari di viaggio","item":"https:\/\/www.gamberetta.it\/it\/reportag\/"},{"@type":"ListItem","position":3,"name":"Asia","item":"https:\/\/www.gamberetta.it\/it\/reportag\/asia\/"},{"@type":"ListItem","position":4,"name":"LOST IN MONGOLIA \u2013 COME PERDERSI E RITROVARSI NEL NULLA CHE AMMALIA"}]},{"@type":"WebSite","@id":"https:\/\/www.gamberetta.it\/it\/#website","url":"https:\/\/www.gamberetta.it\/it\/","name":"Gamberetta","description":"Il mio blog senza fronzoli: pensieri e parole, sempre e ovunque in viaggio","potentialAction":[{"@type":"SearchAction","target":{"@type":"EntryPoint","urlTemplate":"https:\/\/www.gamberetta.it\/it\/?s={search_term_string}"},"query-input":{"@type":"PropertyValueSpecification","valueRequired":true,"valueName":"search_term_string"}}],"inLanguage":"it-IT"}]}},"_links":{"self":[{"href":"https:\/\/www.gamberetta.it\/it\/wp-json\/wp\/v2\/pages\/1602"}],"collection":[{"href":"https:\/\/www.gamberetta.it\/it\/wp-json\/wp\/v2\/pages"}],"about":[{"href":"https:\/\/www.gamberetta.it\/it\/wp-json\/wp\/v2\/types\/page"}],"author":[{"embeddable":true,"href":"https:\/\/www.gamberetta.it\/it\/wp-json\/wp\/v2\/users\/2"}],"replies":[{"embeddable":true,"href":"https:\/\/www.gamberetta.it\/it\/wp-json\/wp\/v2\/comments?post=1602"}],"version-history":[{"count":0,"href":"https:\/\/www.gamberetta.it\/it\/wp-json\/wp\/v2\/pages\/1602\/revisions"}],"up":[{"embeddable":true,"href":"https:\/\/www.gamberetta.it\/it\/wp-json\/wp\/v2\/pages\/667"}],"wp:featuredmedia":[{"embeddable":true,"href":"https:\/\/www.gamberetta.it\/it\/wp-json\/wp\/v2\/media\/1925"}],"wp:attachment":[{"href":"https:\/\/www.gamberetta.it\/it\/wp-json\/wp\/v2\/media?parent=1602"}],"curies":[{"name":"wp","href":"https:\/\/api.w.org\/{rel}","templated":true}]}}