{"id":3088,"date":"2014-05-29T17:04:39","date_gmt":"2014-05-29T17:04:39","guid":{"rendered":"https:\/\/www.gamberetta.it\/?page_id=3088"},"modified":"2020-01-02T17:06:15","modified_gmt":"2020-01-02T16:06:15","slug":"maratona-digitale-2014","status":"publish","type":"page","link":"https:\/\/www.gamberetta.it\/it\/in-tour-blog-educ-press\/maratona-digitale-2014\/","title":{"rendered":"MARATONA DIGITALE 2014"},"content":{"rendered":"<p align=\"LEFT\">Invasioni digitali (ID) \u00e8 un progetto di condivisione di esperienze che permette a tutti di visitare bellezze storico artistiche, parchi e luoghi di interesse naturalistico della nostra bellissima Italia, che accomuna i partecipanti, gli \u201cinvasori\u201d attraverso la rete e i social network. Un&#8217;invasione digitale pu\u00f2 essere organizzata da chiunque voglia far conoscere un luogo noto o nascosto, magari spesso chiuso al pubblico, per dimostrare che la gente pu\u00f2 fare la differenza. Gli slogan delle ID pi\u00f9 utilizzati dallo scorso anno sono:<\/p>\n<p align=\"LEFT\">liberiamo la cultura,<\/p>\n<p align=\"LEFT\">la cultura \u00e8 di tutti,<\/p>\n<p align=\"LEFT\">la cultura siamo noi.<\/p>\n<p align=\"LEFT\">Riunendo l&#8217;invasione sotto un titolo ed effettuando un buon tamtam attraverso i social network, ci si ritrova all&#8217;ora e nel luogo convenuto per una visita o una passeggiata. A fine invasione se ne certifica il buon esito con una foto di gruppo, esibendo cartelli che dicono INVASIONE COMPIUTA.<\/p>\n<p align=\"LEFT\">Nel 2013 le ID mi hanno incuriosito parecchio, e ho fatto le corse per parteciparvi in Veneto. Sono stata all&#8217;isola della Giudecca a <b>Venezia<\/b>, alla chiesa di San Gregorio a <b>Treviso<\/b>, al museo Palladio a <b>Vicenza <\/b>e alla Tipoteca di <b>Cornuda<\/b>. Ho conosciuto persone stupende che sento ancora, persone delle quali non avrei nemmeno saputo l&#8217;esistenza senza quest&#8217;occasione. Questo \u00e8 il bello della rete, assieme ovviamente alla scoperta di tanto fermento culturale, che nella nostra epoca \u00e8 spesso messo da parte per badare a interessi o necessit\u00e0 diverse. Peccato, perch\u00e9 ho sempre pensato che di cultura si possa vivere, o che la cultura aiuti a vivere meglio. Il racconto della maratona digitale 2013 si trova <a href=\"https:\/\/www.gamberetta.it\/\/in-tour-blog-educ-press\/1305-2\/\">qui<\/a>.<\/p>\n<p align=\"LEFT\">La <b>maratona digitale 2014 <\/b>\u00e8 invece iniziata a <b>Firenze<\/b> e Vinci per il ponte del 25 aprile dove sono stata ospite, con amici da amici. Ecco i racconti delle mie ID 2014 tra Toscana e Veneto, in attesa del prossimo evento a cui cercher\u00f2 sicuramente di partecipare. C&#8217;\u00e8 gi\u00e0 qualcosa che bolle in pentola. Stay tuned!<\/p>\n<p align=\"LEFT\"><a href=\"https:\/\/www.gamberetta.it\/2014\/05\/29\/leonardo-days-a-vinci-firenze-25-aprile-2014\/\">LEONARDO DAYS A VINCI (FIRENZE) 25 APRILE 2014<\/a><\/p>\n<p align=\"LEFT\"><a href=\"https:\/\/www.gamberetta.it\/2014\/06\/03\/save-industrial-heritage-marghera-venezia-03-maggio-2014\/\">SAVE INDUSTRIAL HERITAGE, MARGHERA (VENEZIA) 03 MAGGIO 2014<\/a><\/p>\n<p align=\"LEFT\"><a href=\"https:\/\/www.gamberetta.it\/\/2014\/07\/10\/invasione-in-biblioteca-querini-stampalia-venezia-04-maggio-2014\/\">BIBLIOTECA QUERINI STAMPALIA, VENEZIA 04 MAGGIO 2014<\/a><\/p>\n<p align=\"LEFT\"><a href=\"https:\/\/www.gamberetta.it\/\/2015\/03\/20\/alla-peggy-guggenheim-collection-per-lultima-invasione-digitale-del-2014\/\">PEGGY GUGGENHEIM COLLECTION, VENEZIA 04 MAGGIO 2014<\/a><\/p>\n","protected":false},"excerpt":{"rendered":"<p>Invasioni digitali (ID) \u00e8 un progetto di condivisione di esperienze che permette a tutti di visitare bellezze storico artistiche, parchi e luoghi di interesse naturalistico della nostra bellissima Italia, che accomuna i partecipanti, gli \u201cinvasori\u201d attraverso la rete e i social network. Un&#8217;invasione digitale pu\u00f2 essere organizzata da chiunque voglia far conoscere un luogo noto &hellip; <a class=\"more-link\" href=\"https:\/\/www.gamberetta.it\/it\/in-tour-blog-educ-press\/maratona-digitale-2014\/\">Leggi tutto<i class=\"ion-ios-arrow-thin-right\"><\/i><\/a><\/p>\n","protected":false},"author":2,"featured_media":3090,"parent":3400,"menu_order":13,"comment_status":"open","ping_status":"closed","template":"","meta":{"footnotes":""},"class_list":["post-3088","page","type-page","status-publish","has-post-thumbnail","hentry"],"yoast_head":"<!-- This site is optimized with the Yoast SEO plugin v23.5 - https:\/\/yoast.com\/wordpress\/plugins\/seo\/ -->\n<title>MARATONA DIGITALE 2014 - Gamberetta<\/title>\n<meta name=\"robots\" content=\"index, follow, max-snippet:-1, max-image-preview:large, max-video-preview:-1\" \/>\n<link rel=\"canonical\" href=\"https:\/\/www.gamberetta.it\/it\/in-tour-blog-educ-press\/maratona-digitale-2014\/\" \/>\n<meta property=\"og:locale\" content=\"it_IT\" \/>\n<meta property=\"og:type\" content=\"article\" \/>\n<meta property=\"og:title\" content=\"MARATONA DIGITALE 2014 - Gamberetta\" \/>\n<meta property=\"og:description\" content=\"Invasioni digitali (ID) \u00e8 un progetto di condivisione di esperienze che permette a tutti di visitare bellezze storico artistiche, parchi e luoghi di interesse naturalistico della nostra bellissima Italia, che accomuna i partecipanti, gli \u201cinvasori\u201d attraverso la rete e i social network. Un&#8217;invasione digitale pu\u00f2 essere organizzata da chiunque voglia far conoscere un luogo noto &hellip; Leggi tutto\" \/>\n<meta property=\"og:url\" content=\"https:\/\/www.gamberetta.it\/it\/in-tour-blog-educ-press\/maratona-digitale-2014\/\" \/>\n<meta property=\"og:site_name\" content=\"Gamberetta\" \/>\n<meta property=\"article:publisher\" content=\"https:\/\/www.facebook.com\/Gamberettatravelblog\" \/>\n<meta property=\"article:modified_time\" content=\"2020-01-02T16:06:15+00:00\" \/>\n<meta property=\"og:image\" content=\"https:\/\/www.gamberetta.it\/wp-content\/uploads\/2014\/05\/id0305-4.jpg\" \/>\n\t<meta property=\"og:image:width\" content=\"526\" \/>\n\t<meta property=\"og:image:height\" content=\"526\" \/>\n\t<meta property=\"og:image:type\" content=\"image\/jpeg\" \/>\n<meta name=\"twitter:card\" content=\"summary_large_image\" \/>\n<meta name=\"twitter:site\" content=\"@robertazennaro\" \/>\n<meta name=\"twitter:label1\" content=\"Tempo di lettura stimato\" \/>\n\t<meta name=\"twitter:data1\" content=\"2 minuti\" \/>\n<script type=\"application\/ld+json\" class=\"yoast-schema-graph\">{\"@context\":\"https:\/\/schema.org\",\"@graph\":[{\"@type\":\"WebPage\",\"@id\":\"https:\/\/www.gamberetta.it\/it\/in-tour-blog-educ-press\/maratona-digitale-2014\/\",\"url\":\"https:\/\/www.gamberetta.it\/it\/in-tour-blog-educ-press\/maratona-digitale-2014\/\",\"name\":\"MARATONA DIGITALE 2014 - Gamberetta\",\"isPartOf\":{\"@id\":\"https:\/\/www.gamberetta.it\/it\/#website\"},\"primaryImageOfPage\":{\"@id\":\"https:\/\/www.gamberetta.it\/it\/in-tour-blog-educ-press\/maratona-digitale-2014\/#primaryimage\"},\"image\":{\"@id\":\"https:\/\/www.gamberetta.it\/it\/in-tour-blog-educ-press\/maratona-digitale-2014\/#primaryimage\"},\"thumbnailUrl\":\"https:\/\/www.gamberetta.it\/wp-content\/uploads\/2014\/05\/id0305-4.jpg\",\"datePublished\":\"2014-05-29T17:04:39+00:00\",\"dateModified\":\"2020-01-02T16:06:15+00:00\",\"breadcrumb\":{\"@id\":\"https:\/\/www.gamberetta.it\/it\/in-tour-blog-educ-press\/maratona-digitale-2014\/#breadcrumb\"},\"inLanguage\":\"it-IT\",\"potentialAction\":[{\"@type\":\"ReadAction\",\"target\":[\"https:\/\/www.gamberetta.it\/it\/in-tour-blog-educ-press\/maratona-digitale-2014\/\"]}]},{\"@type\":\"ImageObject\",\"inLanguage\":\"it-IT\",\"@id\":\"https:\/\/www.gamberetta.it\/it\/in-tour-blog-educ-press\/maratona-digitale-2014\/#primaryimage\",\"url\":\"https:\/\/www.gamberetta.it\/wp-content\/uploads\/2014\/05\/id0305-4.jpg\",\"contentUrl\":\"https:\/\/www.gamberetta.it\/wp-content\/uploads\/2014\/05\/id0305-4.jpg\",\"width\":526,\"height\":526},{\"@type\":\"BreadcrumbList\",\"@id\":\"https:\/\/www.gamberetta.it\/it\/in-tour-blog-educ-press\/maratona-digitale-2014\/#breadcrumb\",\"itemListElement\":[{\"@type\":\"ListItem\",\"position\":1,\"name\":\"Home\",\"item\":\"https:\/\/www.gamberetta.it\/it\/\"},{\"@type\":\"ListItem\",\"position\":2,\"name\":\"In tour: Blog, Educ, Press\",\"item\":\"https:\/\/www.gamberetta.it\/it\/in-tour-blog-educ-press\/\"},{\"@type\":\"ListItem\",\"position\":3,\"name\":\"MARATONA DIGITALE 2014\"}]},{\"@type\":\"WebSite\",\"@id\":\"https:\/\/www.gamberetta.it\/it\/#website\",\"url\":\"https:\/\/www.gamberetta.it\/it\/\",\"name\":\"Gamberetta\",\"description\":\"Il mio blog senza fronzoli: pensieri e parole, sempre e ovunque in viaggio\",\"potentialAction\":[{\"@type\":\"SearchAction\",\"target\":{\"@type\":\"EntryPoint\",\"urlTemplate\":\"https:\/\/www.gamberetta.it\/it\/?s={search_term_string}\"},\"query-input\":{\"@type\":\"PropertyValueSpecification\",\"valueRequired\":true,\"valueName\":\"search_term_string\"}}],\"inLanguage\":\"it-IT\"}]}<\/script>\n<!-- \/ Yoast SEO plugin. -->","yoast_head_json":{"title":"MARATONA DIGITALE 2014 - Gamberetta","robots":{"index":"index","follow":"follow","max-snippet":"max-snippet:-1","max-image-preview":"max-image-preview:large","max-video-preview":"max-video-preview:-1"},"canonical":"https:\/\/www.gamberetta.it\/it\/in-tour-blog-educ-press\/maratona-digitale-2014\/","og_locale":"it_IT","og_type":"article","og_title":"MARATONA DIGITALE 2014 - Gamberetta","og_description":"Invasioni digitali (ID) \u00e8 un progetto di condivisione di esperienze che permette a tutti di visitare bellezze storico artistiche, parchi e luoghi di interesse naturalistico della nostra bellissima Italia, che accomuna i partecipanti, gli \u201cinvasori\u201d attraverso la rete e i social network. Un&#8217;invasione digitale pu\u00f2 essere organizzata da chiunque voglia far conoscere un luogo noto &hellip; Leggi tutto","og_url":"https:\/\/www.gamberetta.it\/it\/in-tour-blog-educ-press\/maratona-digitale-2014\/","og_site_name":"Gamberetta","article_publisher":"https:\/\/www.facebook.com\/Gamberettatravelblog","article_modified_time":"2020-01-02T16:06:15+00:00","og_image":[{"width":526,"height":526,"url":"https:\/\/www.gamberetta.it\/wp-content\/uploads\/2014\/05\/id0305-4.jpg","type":"image\/jpeg"}],"twitter_card":"summary_large_image","twitter_site":"@robertazennaro","twitter_misc":{"Tempo di lettura stimato":"2 minuti"},"schema":{"@context":"https:\/\/schema.org","@graph":[{"@type":"WebPage","@id":"https:\/\/www.gamberetta.it\/it\/in-tour-blog-educ-press\/maratona-digitale-2014\/","url":"https:\/\/www.gamberetta.it\/it\/in-tour-blog-educ-press\/maratona-digitale-2014\/","name":"MARATONA DIGITALE 2014 - Gamberetta","isPartOf":{"@id":"https:\/\/www.gamberetta.it\/it\/#website"},"primaryImageOfPage":{"@id":"https:\/\/www.gamberetta.it\/it\/in-tour-blog-educ-press\/maratona-digitale-2014\/#primaryimage"},"image":{"@id":"https:\/\/www.gamberetta.it\/it\/in-tour-blog-educ-press\/maratona-digitale-2014\/#primaryimage"},"thumbnailUrl":"https:\/\/www.gamberetta.it\/wp-content\/uploads\/2014\/05\/id0305-4.jpg","datePublished":"2014-05-29T17:04:39+00:00","dateModified":"2020-01-02T16:06:15+00:00","breadcrumb":{"@id":"https:\/\/www.gamberetta.it\/it\/in-tour-blog-educ-press\/maratona-digitale-2014\/#breadcrumb"},"inLanguage":"it-IT","potentialAction":[{"@type":"ReadAction","target":["https:\/\/www.gamberetta.it\/it\/in-tour-blog-educ-press\/maratona-digitale-2014\/"]}]},{"@type":"ImageObject","inLanguage":"it-IT","@id":"https:\/\/www.gamberetta.it\/it\/in-tour-blog-educ-press\/maratona-digitale-2014\/#primaryimage","url":"https:\/\/www.gamberetta.it\/wp-content\/uploads\/2014\/05\/id0305-4.jpg","contentUrl":"https:\/\/www.gamberetta.it\/wp-content\/uploads\/2014\/05\/id0305-4.jpg","width":526,"height":526},{"@type":"BreadcrumbList","@id":"https:\/\/www.gamberetta.it\/it\/in-tour-blog-educ-press\/maratona-digitale-2014\/#breadcrumb","itemListElement":[{"@type":"ListItem","position":1,"name":"Home","item":"https:\/\/www.gamberetta.it\/it\/"},{"@type":"ListItem","position":2,"name":"In tour: Blog, Educ, Press","item":"https:\/\/www.gamberetta.it\/it\/in-tour-blog-educ-press\/"},{"@type":"ListItem","position":3,"name":"MARATONA DIGITALE 2014"}]},{"@type":"WebSite","@id":"https:\/\/www.gamberetta.it\/it\/#website","url":"https:\/\/www.gamberetta.it\/it\/","name":"Gamberetta","description":"Il mio blog senza fronzoli: pensieri e parole, sempre e ovunque in viaggio","potentialAction":[{"@type":"SearchAction","target":{"@type":"EntryPoint","urlTemplate":"https:\/\/www.gamberetta.it\/it\/?s={search_term_string}"},"query-input":{"@type":"PropertyValueSpecification","valueRequired":true,"valueName":"search_term_string"}}],"inLanguage":"it-IT"}]}},"_links":{"self":[{"href":"https:\/\/www.gamberetta.it\/it\/wp-json\/wp\/v2\/pages\/3088"}],"collection":[{"href":"https:\/\/www.gamberetta.it\/it\/wp-json\/wp\/v2\/pages"}],"about":[{"href":"https:\/\/www.gamberetta.it\/it\/wp-json\/wp\/v2\/types\/page"}],"author":[{"embeddable":true,"href":"https:\/\/www.gamberetta.it\/it\/wp-json\/wp\/v2\/users\/2"}],"replies":[{"embeddable":true,"href":"https:\/\/www.gamberetta.it\/it\/wp-json\/wp\/v2\/comments?post=3088"}],"version-history":[{"count":1,"href":"https:\/\/www.gamberetta.it\/it\/wp-json\/wp\/v2\/pages\/3088\/revisions"}],"predecessor-version":[{"id":15966,"href":"https:\/\/www.gamberetta.it\/it\/wp-json\/wp\/v2\/pages\/3088\/revisions\/15966"}],"up":[{"embeddable":true,"href":"https:\/\/www.gamberetta.it\/it\/wp-json\/wp\/v2\/pages\/3400"}],"wp:featuredmedia":[{"embeddable":true,"href":"https:\/\/www.gamberetta.it\/it\/wp-json\/wp\/v2\/media\/3090"}],"wp:attachment":[{"href":"https:\/\/www.gamberetta.it\/it\/wp-json\/wp\/v2\/media?parent=3088"}],"curies":[{"name":"wp","href":"https:\/\/api.w.org\/{rel}","templated":true}]}}