{"id":985,"date":"2013-02-03T22:48:38","date_gmt":"2013-02-03T22:48:38","guid":{"rendered":"https:\/\/www.gamberetta.it\/?page_id=985"},"modified":"2025-10-22T22:25:48","modified_gmt":"2025-10-22T20:25:48","slug":"in-trasferta-in-toscana","status":"publish","type":"page","link":"https:\/\/www.gamberetta.it\/it\/myselfsudime\/in-trasferta-in-toscana\/","title":{"rendered":"In trasferta in Toscana"},"content":{"rendered":"\n<p>Quando capita di andare per lavoro in <strong>Toscana<\/strong> \u00e8 una fortuna. E per piacere \u00e8 ancor pi\u00f9 una fortuna.<\/p>\n\n\n\n<p><\/p>\n\n\n\n<h2 class=\"wp-block-heading\">2025<\/h2>\n\n\n\n<p><\/p>\n\n\n\n<p><a href=\"https:\/\/www.gamberetta.it\/it\/2025\/10\/22\/visitare-serre-di-rapolano\/\">Visitare Serre di Rapolano<\/a><\/p>\n\n\n\n<h2 class=\"wp-block-heading\">2022<\/h2>\n\n\n\n<p><a href=\"https:\/\/www.gamberetta.it\/it\/2022\/11\/11\/cosa-vedere-a-bolgheri-e-dintorni\/\">Cosa vedere a Bolgheri e dintorni<\/a><\/p>\n\n\n\n<p><a href=\"https:\/\/www.gamberetta.it\/it\/2022\/02\/13\/visitare-le-cantine-di-bolgheri-podere-grattamacco\/\">Visitare le cantine di Bolgheri: Podere Grattamacco<\/a><\/p>\n\n\n\n<h2 class=\"wp-block-heading\">2021<\/h2>\n\n\n\n<p><a href=\"https:\/\/www.gamberetta.it\/it\/2021\/11\/27\/a-livorno-la-prima-edizione-di-wine-destinations-italia\/\">A Livorno la prima edizione di Wine Destinations Italia<\/a><\/p>\n\n\n\n<h2 class=\"wp-block-heading\">2019<\/h2>\n\n\n\n<p><a href=\"https:\/\/www.gamberetta.it\/it\/2019\/10\/20\/in-cammino-a-montecatini-per-il-tuscany-walking-event\/\">In cammino a Montecatini per il tuscany walking event<\/a><\/p>\n\n\n\n<h2 class=\"wp-block-heading\">2018<\/h2>\n\n\n\n<p><a href=\"https:\/\/www.gamberetta.it\/it\/2018\/05\/15\/la-torre-di-pisa\/\">La citt\u00e0 vista dall&#8217;alto: la torre e le mura di Pisa<\/a><\/p>\n\n\n\n<h2 class=\"wp-block-heading\">2013<\/h2>\n\n\n\n<p><a href=\"https:\/\/www.gamberetta.it\/\/2014\/11\/22\/la-citta-e-la-sua-guida-a-siena-con-rita-ceccarelli\/\">La citt\u00e0 e la sua guida: a Siena con Rita Ceccarelli<\/a><\/p>\n\n\n\n<p><a href=\"https:\/\/www.gamberetta.it\/2013\/03\/11\/magico-raduno-marrakech-express\/\">Magico raduno Marrakech Express<\/a><\/p>\n\n\n\n<p><a href=\"https:\/\/www.gamberetta.it\/2013\/03\/09\/morrocco\/\">Morrocco<\/a><\/p>\n\n\n\n<p><a href=\"https:\/\/www.gamberetta.it\/2013\/02\/24\/un-anno-di-m-in-toscana\/\">Un anno di M in Toscana<\/a><\/p>\n\n\n\n<p><a href=\"https:\/\/www.gamberetta.it\/2013\/02\/03\/in-trasferta-in-toscana-terza-puntata\/\">In trasferta in Toscana, Terza puntata<\/a><\/p>\n\n\n\n<p><a href=\"https:\/\/www.gamberetta.it\/2013\/02\/03\/in-trasferta-in-toscana-seconda-puntata\/\">In trasferta in Toscana, Seconda puntata<\/a><\/p>\n\n\n\n<p><a href=\"https:\/\/www.gamberetta.it\/2013\/02\/01\/in-trasferta-in-toscana-tra-pieraccioni-e-papaleo\/\">In trasferta in Toscana, tra Pieraccioni e Papaleo<\/a><\/p>\n","protected":false},"excerpt":{"rendered":"<p>Quando capita di andare per lavoro in Toscana \u00e8 una fortuna. E per piacere \u00e8 ancor pi\u00f9 una fortuna. 2025 Visitare Serre di Rapolano 2022 Cosa vedere a Bolgheri e dintorni Visitare le cantine di Bolgheri: Podere Grattamacco 2021 A Livorno la prima edizione di Wine Destinations Italia 2019 In cammino a Montecatini per il &hellip; <a class=\"more-link\" href=\"https:\/\/www.gamberetta.it\/it\/myselfsudime\/in-trasferta-in-toscana\/\">Leggi tutto<i class=\"ion-ios-arrow-thin-right\"><\/i><\/a><\/p>\n","protected":false},"author":2,"featured_media":12581,"parent":629,"menu_order":1,"comment_status":"open","ping_status":"closed","template":"","meta":{"footnotes":""},"class_list":["post-985","page","type-page","status-publish","has-post-thumbnail","hentry"],"yoast_head":"<!-- This site is optimized with the Yoast SEO plugin v23.5 - https:\/\/yoast.com\/wordpress\/plugins\/seo\/ -->\n<title>In trasferta in Toscana - Gamberetta<\/title>\n<meta name=\"robots\" content=\"index, follow, max-snippet:-1, max-image-preview:large, max-video-preview:-1\" \/>\n<link rel=\"canonical\" href=\"https:\/\/www.gamberetta.it\/it\/myselfsudime\/in-trasferta-in-toscana\/\" \/>\n<meta property=\"og:locale\" content=\"it_IT\" \/>\n<meta property=\"og:type\" content=\"article\" \/>\n<meta property=\"og:title\" content=\"In trasferta in Toscana - Gamberetta\" \/>\n<meta property=\"og:description\" content=\"Quando capita di andare per lavoro in Toscana \u00e8 una fortuna. E per piacere \u00e8 ancor pi\u00f9 una fortuna. 2025 Visitare Serre di Rapolano 2022 Cosa vedere a Bolgheri e dintorni Visitare le cantine di Bolgheri: Podere Grattamacco 2021 A Livorno la prima edizione di Wine Destinations Italia 2019 In cammino a Montecatini per il &hellip; Leggi tutto\" \/>\n<meta property=\"og:url\" content=\"https:\/\/www.gamberetta.it\/it\/myselfsudime\/in-trasferta-in-toscana\/\" \/>\n<meta property=\"og:site_name\" content=\"Gamberetta\" \/>\n<meta property=\"article:publisher\" content=\"https:\/\/www.facebook.com\/Gamberettatravelblog\" \/>\n<meta property=\"article:modified_time\" content=\"2025-10-22T20:25:48+00:00\" \/>\n<meta property=\"og:image\" content=\"https:\/\/www.gamberetta.it\/wp-content\/uploads\/2018\/05\/PI-62.jpg\" \/>\n\t<meta property=\"og:image:width\" content=\"960\" \/>\n\t<meta property=\"og:image:height\" content=\"720\" \/>\n\t<meta property=\"og:image:type\" content=\"image\/jpeg\" \/>\n<meta name=\"twitter:card\" content=\"summary_large_image\" \/>\n<meta name=\"twitter:site\" content=\"@robertazennaro\" \/>\n<meta name=\"twitter:label1\" content=\"Tempo di lettura stimato\" \/>\n\t<meta name=\"twitter:data1\" content=\"1 minuto\" \/>\n<script type=\"application\/ld+json\" class=\"yoast-schema-graph\">{\"@context\":\"https:\/\/schema.org\",\"@graph\":[{\"@type\":\"WebPage\",\"@id\":\"https:\/\/www.gamberetta.it\/it\/myselfsudime\/in-trasferta-in-toscana\/\",\"url\":\"https:\/\/www.gamberetta.it\/it\/myselfsudime\/in-trasferta-in-toscana\/\",\"name\":\"In trasferta in Toscana - Gamberetta\",\"isPartOf\":{\"@id\":\"https:\/\/www.gamberetta.it\/it\/#website\"},\"primaryImageOfPage\":{\"@id\":\"https:\/\/www.gamberetta.it\/it\/myselfsudime\/in-trasferta-in-toscana\/#primaryimage\"},\"image\":{\"@id\":\"https:\/\/www.gamberetta.it\/it\/myselfsudime\/in-trasferta-in-toscana\/#primaryimage\"},\"thumbnailUrl\":\"https:\/\/www.gamberetta.it\/wp-content\/uploads\/2018\/05\/PI-62.jpg\",\"datePublished\":\"2013-02-03T22:48:38+00:00\",\"dateModified\":\"2025-10-22T20:25:48+00:00\",\"breadcrumb\":{\"@id\":\"https:\/\/www.gamberetta.it\/it\/myselfsudime\/in-trasferta-in-toscana\/#breadcrumb\"},\"inLanguage\":\"it-IT\",\"potentialAction\":[{\"@type\":\"ReadAction\",\"target\":[\"https:\/\/www.gamberetta.it\/it\/myselfsudime\/in-trasferta-in-toscana\/\"]}]},{\"@type\":\"ImageObject\",\"inLanguage\":\"it-IT\",\"@id\":\"https:\/\/www.gamberetta.it\/it\/myselfsudime\/in-trasferta-in-toscana\/#primaryimage\",\"url\":\"https:\/\/www.gamberetta.it\/wp-content\/uploads\/2018\/05\/PI-62.jpg\",\"contentUrl\":\"https:\/\/www.gamberetta.it\/wp-content\/uploads\/2018\/05\/PI-62.jpg\",\"width\":960,\"height\":720},{\"@type\":\"BreadcrumbList\",\"@id\":\"https:\/\/www.gamberetta.it\/it\/myselfsudime\/in-trasferta-in-toscana\/#breadcrumb\",\"itemListElement\":[{\"@type\":\"ListItem\",\"position\":1,\"name\":\"Home\",\"item\":\"https:\/\/www.gamberetta.it\/it\/\"},{\"@type\":\"ListItem\",\"position\":2,\"name\":\"Myself &#8211; Su di me\",\"item\":\"https:\/\/www.gamberetta.it\/it\/myselfsudime\/\"},{\"@type\":\"ListItem\",\"position\":3,\"name\":\"In trasferta in Toscana\"}]},{\"@type\":\"WebSite\",\"@id\":\"https:\/\/www.gamberetta.it\/it\/#website\",\"url\":\"https:\/\/www.gamberetta.it\/it\/\",\"name\":\"Gamberetta\",\"description\":\"Il mio blog senza fronzoli: pensieri e parole, sempre e ovunque in viaggio\",\"potentialAction\":[{\"@type\":\"SearchAction\",\"target\":{\"@type\":\"EntryPoint\",\"urlTemplate\":\"https:\/\/www.gamberetta.it\/it\/?s={search_term_string}\"},\"query-input\":{\"@type\":\"PropertyValueSpecification\",\"valueRequired\":true,\"valueName\":\"search_term_string\"}}],\"inLanguage\":\"it-IT\"}]}<\/script>\n<!-- \/ Yoast SEO plugin. -->","yoast_head_json":{"title":"In trasferta in Toscana - Gamberetta","robots":{"index":"index","follow":"follow","max-snippet":"max-snippet:-1","max-image-preview":"max-image-preview:large","max-video-preview":"max-video-preview:-1"},"canonical":"https:\/\/www.gamberetta.it\/it\/myselfsudime\/in-trasferta-in-toscana\/","og_locale":"it_IT","og_type":"article","og_title":"In trasferta in Toscana - Gamberetta","og_description":"Quando capita di andare per lavoro in Toscana \u00e8 una fortuna. E per piacere \u00e8 ancor pi\u00f9 una fortuna. 2025 Visitare Serre di Rapolano 2022 Cosa vedere a Bolgheri e dintorni Visitare le cantine di Bolgheri: Podere Grattamacco 2021 A Livorno la prima edizione di Wine Destinations Italia 2019 In cammino a Montecatini per il &hellip; Leggi tutto","og_url":"https:\/\/www.gamberetta.it\/it\/myselfsudime\/in-trasferta-in-toscana\/","og_site_name":"Gamberetta","article_publisher":"https:\/\/www.facebook.com\/Gamberettatravelblog","article_modified_time":"2025-10-22T20:25:48+00:00","og_image":[{"width":960,"height":720,"url":"https:\/\/www.gamberetta.it\/wp-content\/uploads\/2018\/05\/PI-62.jpg","type":"image\/jpeg"}],"twitter_card":"summary_large_image","twitter_site":"@robertazennaro","twitter_misc":{"Tempo di lettura stimato":"1 minuto"},"schema":{"@context":"https:\/\/schema.org","@graph":[{"@type":"WebPage","@id":"https:\/\/www.gamberetta.it\/it\/myselfsudime\/in-trasferta-in-toscana\/","url":"https:\/\/www.gamberetta.it\/it\/myselfsudime\/in-trasferta-in-toscana\/","name":"In trasferta in Toscana - Gamberetta","isPartOf":{"@id":"https:\/\/www.gamberetta.it\/it\/#website"},"primaryImageOfPage":{"@id":"https:\/\/www.gamberetta.it\/it\/myselfsudime\/in-trasferta-in-toscana\/#primaryimage"},"image":{"@id":"https:\/\/www.gamberetta.it\/it\/myselfsudime\/in-trasferta-in-toscana\/#primaryimage"},"thumbnailUrl":"https:\/\/www.gamberetta.it\/wp-content\/uploads\/2018\/05\/PI-62.jpg","datePublished":"2013-02-03T22:48:38+00:00","dateModified":"2025-10-22T20:25:48+00:00","breadcrumb":{"@id":"https:\/\/www.gamberetta.it\/it\/myselfsudime\/in-trasferta-in-toscana\/#breadcrumb"},"inLanguage":"it-IT","potentialAction":[{"@type":"ReadAction","target":["https:\/\/www.gamberetta.it\/it\/myselfsudime\/in-trasferta-in-toscana\/"]}]},{"@type":"ImageObject","inLanguage":"it-IT","@id":"https:\/\/www.gamberetta.it\/it\/myselfsudime\/in-trasferta-in-toscana\/#primaryimage","url":"https:\/\/www.gamberetta.it\/wp-content\/uploads\/2018\/05\/PI-62.jpg","contentUrl":"https:\/\/www.gamberetta.it\/wp-content\/uploads\/2018\/05\/PI-62.jpg","width":960,"height":720},{"@type":"BreadcrumbList","@id":"https:\/\/www.gamberetta.it\/it\/myselfsudime\/in-trasferta-in-toscana\/#breadcrumb","itemListElement":[{"@type":"ListItem","position":1,"name":"Home","item":"https:\/\/www.gamberetta.it\/it\/"},{"@type":"ListItem","position":2,"name":"Myself &#8211; Su di me","item":"https:\/\/www.gamberetta.it\/it\/myselfsudime\/"},{"@type":"ListItem","position":3,"name":"In trasferta in Toscana"}]},{"@type":"WebSite","@id":"https:\/\/www.gamberetta.it\/it\/#website","url":"https:\/\/www.gamberetta.it\/it\/","name":"Gamberetta","description":"Il mio blog senza fronzoli: pensieri e parole, sempre e ovunque in viaggio","potentialAction":[{"@type":"SearchAction","target":{"@type":"EntryPoint","urlTemplate":"https:\/\/www.gamberetta.it\/it\/?s={search_term_string}"},"query-input":{"@type":"PropertyValueSpecification","valueRequired":true,"valueName":"search_term_string"}}],"inLanguage":"it-IT"}]}},"_links":{"self":[{"href":"https:\/\/www.gamberetta.it\/it\/wp-json\/wp\/v2\/pages\/985"}],"collection":[{"href":"https:\/\/www.gamberetta.it\/it\/wp-json\/wp\/v2\/pages"}],"about":[{"href":"https:\/\/www.gamberetta.it\/it\/wp-json\/wp\/v2\/types\/page"}],"author":[{"embeddable":true,"href":"https:\/\/www.gamberetta.it\/it\/wp-json\/wp\/v2\/users\/2"}],"replies":[{"embeddable":true,"href":"https:\/\/www.gamberetta.it\/it\/wp-json\/wp\/v2\/comments?post=985"}],"version-history":[{"count":10,"href":"https:\/\/www.gamberetta.it\/it\/wp-json\/wp\/v2\/pages\/985\/revisions"}],"predecessor-version":[{"id":40084,"href":"https:\/\/www.gamberetta.it\/it\/wp-json\/wp\/v2\/pages\/985\/revisions\/40084"}],"up":[{"embeddable":true,"href":"https:\/\/www.gamberetta.it\/it\/wp-json\/wp\/v2\/pages\/629"}],"wp:featuredmedia":[{"embeddable":true,"href":"https:\/\/www.gamberetta.it\/it\/wp-json\/wp\/v2\/media\/12581"}],"wp:attachment":[{"href":"https:\/\/www.gamberetta.it\/it\/wp-json\/wp\/v2\/media?parent=985"}],"curies":[{"name":"wp","href":"https:\/\/api.w.org\/{rel}","templated":true}]}}